{"id":61,"date":"2021-03-04T07:57:08","date_gmt":"2021-03-04T07:57:08","guid":{"rendered":"http:\/\/termsandprivacy.chunkymasha.com\/index.php\/disclaimer\/"},"modified":"2021-03-04T07:58:05","modified_gmt":"2021-03-04T07:58:05","slug":"disclaimer","status":"publish","type":"page","link":"https:\/\/termsandprivacy.chunkymasha.com\/es\/index.php\/disclaimer\/","title":{"rendered":"Disclaimer"},"content":{"rendered":"<p><b>Nota de riesgo importante:<\/b> Las operaciones pueden generar notables beneficios; sin embargo, tambi\u00e9n implican un riesgo de p\u00e9rdida parcial\/completa de fondos, y deben ser consideradas por los inversores iniciales. Alrededor del 70% de los inversores perder\u00e1n dinero. Lea detenidamente nuestros t\u00e9rminos y condiciones y la p\u00e1gina de exenci\u00f3n de responsabilidad antes de invertir. Los clientes deben ser conscientes de su responsabilidad fiscal sobre las plusval\u00edas individuales en su pa\u00eds de residencia. Es contrario a la ley solicitar a personas de los Estados Unidos que compren y vendan opciones sobre materias primas, incluso si se denominan contratos de \u00abpredicci\u00f3n\u00bb, a menos que coticen y se negocien en una bolsa registrada en la CFTC o a menos que est\u00e9n legalmente exentos.<\/p>\n","protected":false},"excerpt":{"rendered":"<p>Nota de riesgo importante: Las operaciones pueden generar notables beneficios; sin embargo, tambi\u00e9n implican un riesgo de p\u00e9rdida parcial\/completa de fondos, y deben ser consideradas por los inversores iniciales. Alrededor del 70% de los inversores perder\u00e1n dinero. Lea detenidamente nuestros t\u00e9rminos y condiciones y la p\u00e1gina de exenci\u00f3n de responsabilidad antes de invertir. Los clientes [&hellip;]<\/p>\n","protected":false},"author":1,"featured_media":0,"parent":0,"menu_order":0,"comment_status":"closed","ping_status":"closed","template":"","meta":{"footnotes":""},"class_list":["post-61","page","type-page","status-publish","hentry"],"_links":{"self":[{"href":"https:\/\/termsandprivacy.chunkymasha.com\/es\/index.php\/wp-json\/wp\/v2\/pages\/61","targetHints":{"allow":["GET"]}}],"collection":[{"href":"https:\/\/termsandprivacy.chunkymasha.com\/es\/index.php\/wp-json\/wp\/v2\/pages"}],"about":[{"href":"https:\/\/termsandprivacy.chunkymasha.com\/es\/index.php\/wp-json\/wp\/v2\/types\/page"}],"author":[{"embeddable":true,"href":"https:\/\/termsandprivacy.chunkymasha.com\/es\/index.php\/wp-json\/wp\/v2\/users\/1"}],"replies":[{"embeddable":true,"href":"https:\/\/termsandprivacy.chunkymasha.com\/es\/index.php\/wp-json\/wp\/v2\/comments?post=61"}],"version-history":[{"count":0,"href":"https:\/\/termsandprivacy.chunkymasha.com\/es\/index.php\/wp-json\/wp\/v2\/pages\/61\/revisions"}],"wp:attachment":[{"href":"https:\/\/termsandprivacy.chunkymasha.com\/es\/index.php\/wp-json\/wp\/v2\/media?parent=61"}],"curies":[{"name":"wp","href":"https:\/\/api.w.org\/{rel}","templated":true}]}}