{"id":21,"date":"2021-02-23T10:29:31","date_gmt":"2021-02-23T10:29:31","guid":{"rendered":"http:\/\/termsandprivacy.chunkymasha.com\/index.php\/terms\/"},"modified":"2021-03-15T14:31:23","modified_gmt":"2021-03-15T14:31:23","slug":"terms","status":"publish","type":"page","link":"https:\/\/termsandprivacy.chunkymasha.com\/es\/index.php\/terms\/","title":{"rendered":"T\u00e9rminos"},"content":{"rendered":"<h2><strong>T\u00c9RMINOS Y CONDICIONES<\/strong><\/h2>\n<p>El presente Acuerdo ser\u00e1 legalmente vinculante para cualquier persona o entidad que acceda o utilice el Sitio Web de <strong>[site_url]<\/strong> (en adelante, el \u00abSitio Web\u00bb) y, por tanto, estar\u00e1 obligado a cumplir todos los T\u00e9rminos y Condiciones contenidos en el mismo, as\u00ed como cualquier normativa y ley aplicable a la jurisdicci\u00f3n concreta desde la que el Usuario acceda al Sitio Web. Se ruega a los usuarios que lean atentamente estos T\u00e9rminos y Condiciones.<\/p>\n<ol>\n<li><strong>ACEPTACI\u00d3N DEL ACUERDO<\/strong>\n<ol>\n<li>Al acceder al Sitio Web, el Usuario acepta quedar vinculado por los T\u00e9rminos y Condiciones contenidos en el mismo y, en consecuencia, reconoce que ha le\u00eddo y comprendido plenamente los T\u00e9rminos y Condiciones.<\/li>\n<li>Estos T\u00e9rminos y Condiciones, junto con la Pol\u00edtica de Cookies y la Pol\u00edtica de Privacidad, en el Sitio Web se leer\u00e1n conjuntamente y constituir\u00e1n el Acuerdo completo entre las Partes.<\/li>\n<li>En caso de que el Usuario no est\u00e9 de acuerdo o no entienda en su totalidad alguno de los T\u00e9rminos y Condiciones aqu\u00ed contenidos, deber\u00e1 abstenerse inmediatamente de acceder al Sitio Web.<\/li>\n<li>El material contenido en este Sitio Web est\u00e1 debidamente protegido por la legislaci\u00f3n aplicable en materia de derechos de autor y marcas.<\/li>\n<\/ol>\n<\/li>\n<li><strong>MODIFICACIONES DE LOS T\u00c9RMINOS Y CONDICIONES DEL SITIO WEB<\/strong>\n<ol>\n<li>Estos T\u00e9rminos y Condiciones pueden ser modificados y actualizados de vez en cuando, sin previo aviso, y ser\u00e1n efectivos inmediatamente.<\/li>\n<li>Los T\u00e9rminos y Condiciones modificados sustituir\u00e1n inmediatamente cualquier versi\u00f3n anterior en el Sitio Web.<\/li>\n<li>Se insta al Usuario a que visite regularmente el Sitio Web para comprobar si se han producido actualizaciones de los documentos legales del Sitio Web.<\/li>\n<li>El uso continuado del Sitio Web por parte del Usuario constituir\u00e1 una aceptaci\u00f3n t\u00e1cita e inequ\u00edvoca de todos los T\u00e9rminos y Condiciones que figuran en el Sitio Web.<\/li>\n<li>En caso de que el Usuario no acepte los T\u00e9rminos y Condiciones modificados del Sitio Web, deber\u00e1 abstenerse inmediatamente de utilizar y acceder al Sitio Web.<\/li>\n<\/ol>\n<\/li>\n<li><strong>LICENCIA DE USO<\/strong>\n<ol>\n<li>Se concede permiso para descargar temporalmente una copia de los materiales (informaci\u00f3n o software) del sitio web para su visualizaci\u00f3n personal, no comercial y transitoria. Se trata de la concesi\u00f3n de una licencia, no de una transferencia de la titularidad y, en virtud de esta licencia, el Usuario no podr\u00e1\n<ol>\n<li>Modificar o copiar los materiales;<\/li>\n<li>Utilizar los materiales para cualquier prop\u00f3sito comercial, o para cualquier exhibici\u00f3n p\u00fablica (comercial o no comercial);<\/li>\n<li>Intentar descompilar o aplicar ingenier\u00eda inversa a cualquier software contenido en el Sitio Web;<\/li>\n<li>Eliminar cualquier derecho de autor u otras anotaciones de propiedad de los materiales; o<\/li>\n<li>Transferir los materiales a otra persona o \u00abreflejar\u00bb los materiales en cualquier otro servidor.<\/li>\n<\/ol>\n<\/li>\n<li>Esta licencia terminar\u00e1 autom\u00e1ticamente si el usuario viola cualquiera de las restricciones enumeradas en la cl\u00e1usula 3.1 y puede ser terminada en cualquier momento.<\/li>\n<li>Al dejar de ver estos materiales o al terminar esta licencia, el Usuario deber\u00e1 destruir inmediatamente cualquier material descargado que tenga en su poder, ya sea en formato electr\u00f3nico o impreso.<\/li>\n<\/ol>\n<\/li>\n<li><strong>REGISTRO DE LA CUENTA DE USUARIO<\/strong>\n<ol>\n<li>Al acceder al Sitio Web, el Usuario tendr\u00e1 la opci\u00f3n de crear una Cuenta de Usuario.<\/li>\n<li>El Usuario reconoce que no ha sido incitado o coaccionado injustamente a registrar una cuenta y lo hace por su propia voluntad.<\/li>\n<li>El Usuario puede optar por seguir el proceso de registro de la Cuenta de Usuario y acepta que ser\u00e1 dirigido a sitios web de terceros para completar el proceso de registro y para acceder a los servicios que requiera.<\/li>\n<li>El Cliente garantiza que toda la informaci\u00f3n que se requiere para completar el registro es veraz, exacta y no viola ninguna ley aplicable.<\/li>\n<li>El\/los propietario\/s del Sitio Web no se responsabilizan en absoluto del contenido de los sitios web de terceros, ni de las acciones realizadas o de los datos recogidos una vez que el Usuario ha abandonado este Sitio Web.<\/li>\n<li>El Usuario es el \u00fanico responsable de asegurarse de que \u00e9l \/ ella no acceda al sitio web desde, ni resida en ninguna jurisdicci\u00f3n donde el comercio de activos, incluidos los activos digitales, est\u00e9 prohibido por las leyes de esa jurisdicci\u00f3n en particular.<\/li>\n<\/ol>\n<\/li>\n<li><strong>CUOTAS<\/strong>\n<ol>\n<li>El\/los titular\/es de este Sitio Web no se hace\/n responsable\/s de los pagos realizados por el Usuario para dar de alta su Cuenta de Usuario en cualquier proveedor de terceros, ni de otros pagos posteriores que se le soliciten en sitios de terceros.<\/li>\n<li>Se insta al Usuario a que lea los T\u00e9rminos y Condiciones y cualquier otro documento vinculante de los sitios de terceros a los que pueda ser redirigido desde este Sitio Web.<\/li>\n<li>El\/los propietario\/s de este Sitio Web no se responsabilizan de las acciones realizadas por los Usuarios o por los proveedores de terceros, una vez que el Usuario ha abandonado este Sitio Web.<\/li>\n<\/ol>\n<\/li>\n<li><strong>IMPUESTOS<\/strong>\n<ol>\n<li>La clasificaci\u00f3n y el estatus fiscal aplicable de los activos digitales, como las criptomonedas, son inciertos en muchas jurisdicciones.<\/li>\n<li>El Usuario reconoce, entiende y acepta que la negociaci\u00f3n de estas categor\u00edas de activos puede tener obligaciones y\/o consecuencias fiscales de las que el Usuario ser\u00e1 el \u00fanico responsable y que deber\u00e1 garantizar su cumplimiento.<\/li>\n<li>El Usuario debe buscar su propio asesoramiento fiscal en relaci\u00f3n con la compra y el comercio de activos digitales.<\/li>\n<li>El\/los propietario\/s del Sitio Web no tendr\u00e1n ninguna responsabilidad con respecto a las obligaciones y\/o consecuencias fiscales del Usuario.<\/li>\n<\/ol>\n<\/li>\n<li><strong>RIESGOS<\/strong>\n<ol>\n<li>El Usuario es consciente de que todos los activos digitales est\u00e1n descentralizados y, por lo tanto, no existen garant\u00edas en cuanto a la estabilidad del valor de este tipo de tecnolog\u00edas.<\/li>\n<li>El Usuario es consciente de que el\/los propietario\/s del Sitio Web no tienen ning\u00fan control sobre las tecnolog\u00edas descentralizadas subyacentes que utilizan los activos digitales y, por lo tanto, no pueden ser considerados responsables en modo alguno de las ganancias o p\u00e9rdidas experimentadas por los Usuarios.<\/li>\n<li>Puede haber casos en los que el Usuario sea redirigido a sitios web de terceros, en tales casos, el\/los propietario\/s del Sitio Web no son de ninguna manera responsables del contenido, las reclamaciones o los materiales de estos sitios de terceros, ni de las acciones llevadas a cabo por el\/los propietario\/s de estos sitios y empresas de terceros. Adem\u00e1s, el\/los propietario\/s de este sitio web no pueden ser responsables de los modelos de seguridad y protecci\u00f3n de datos seguidos por estos sitios de terceros de ninguna manera.<\/li>\n<li>Los piratas inform\u00e1ticos y\/u otras organizaciones, grupos o individuos malintencionados pueden intentar interferir en el Sitio Web de diversas maneras y el Usuario se compromete a comprender plenamente este riesgo.<\/li>\n<li>El Usuario es consciente de que el comercio puede generar notables beneficios, sin embargo, tambi\u00e9n puede implicar un riesgo de p\u00e9rdida parcial o total de fondos y debe ser considerado por todos los Usuarios.<\/li>\n<li>Se advierte al Usuario que el comercio de cualquier moneda digital puede conllevar un alto nivel de riesgo, y puede no ser adecuado para todos. Por lo tanto, se insta al Usuario a que, antes de participar en el comercio de monedas digitales, considere cuidadosamente los objetivos personales de la empresa, el nivel de experiencia y el apetito de riesgo. El Usuario debe ser consciente de que existe la posibilidad de que pueda sufrir una p\u00e9rdida de parte o de la totalidad de sus fondos.<\/li>\n<li>La informaci\u00f3n contenida en este sitio web no constituye un asesoramiento financiero ni una solicitud de compra o venta de ning\u00fan activo digital, contrato o valores de ning\u00fan tipo.<\/li>\n<li>Los propietarios del sitio web no aceptar\u00e1n ninguna responsabilidad por cualquier p\u00e9rdida o da\u00f1o, incluyendo sin limitaci\u00f3n cualquier p\u00e9rdida de beneficios, que pueda surgir directa o indirectamente del uso o la confianza en dicha informaci\u00f3n.<\/li>\n<\/ol>\n<\/li>\n<li><strong>EXENCI\u00d3N DE RESPONSABILIDAD<\/strong>\n<ol>\n<li>Todo el contenido y el material que se muestra en el sitio web se proporciona \u00abtal cual\u00bb y \u00abseg\u00fan disponibilidad\u00bb.<\/li>\n<li>No se garantiza que la informaci\u00f3n publicada est\u00e9 libre de errores o fallos.<\/li>\n<li>Los puntos de vista y las opiniones expresadas en este sitio web y a trav\u00e9s de \u00e9l no representan necesariamente los puntos de vista y las opiniones de los propietarios de este sitio web.<\/li>\n<li>El\/los propietario\/s del sitio web no se responsabilizan de verificar que las celebridades mencionadas expresamente en cualquier contenido o material expuesto en el sitio web hayan dado su consentimiento o est\u00e9n de acuerdo con su aprobaci\u00f3n.<\/li>\n<li>Ninguna informaci\u00f3n contenida en el sitio web pretende ser un consejo profesional de ninguna naturaleza y, por lo tanto, se utiliza bajo el propio riesgo del usuario.<\/li>\n<li>Se informa al usuario de que los testimonios que se encuentran en el sitio web pueden o no ser representativos de todos los usuarios razonablemente comparables y que los resultados pasados no son indicativos de resultados o \u00e9xitos futuros. Las personas citadas en los testimonios que aparecen en el sitio web no han sido pagadas para ser citadas, a menos que est\u00e9n espec\u00edficamente identificadas. Los testimonios utilizados en este sitio web no son representativos de todos los usuarios; algunas cuentas pueden tener un rendimiento peor que el indicado.<\/li>\n<li>El usuario es consciente de que los resultados individuales var\u00edan y no se est\u00e1 haciendo ninguna declaraci\u00f3n de que los usuarios vayan a conseguir o puedan conseguir beneficios o incurrir en p\u00e9rdidas comparables a los que puedan mostrarse.<\/li>\n<li>No se ofrece ninguna garant\u00eda, ya sea expresa o impl\u00edcita, ni se hacen representaciones sobre la exactitud, los resultados probables o la fiabilidad del uso de los materiales del sitio web o de cualquier otro tipo relacionado con dichos materiales en cualquier otro sitio vinculado a este sitio web.<\/li>\n<li>Existe una renuncia total a todas las dem\u00e1s garant\u00edas, incluyendo, sin limitaci\u00f3n, las garant\u00edas o condiciones impl\u00edcitas de comerciabilidad, idoneidad para un fin determinado, o no infracci\u00f3n de la propiedad intelectual u otra violaci\u00f3n de derechos.<\/li>\n<li>El Sitio Web puede contener enlaces de afiliados, lo que significa que un Afiliado puede ganar una comisi\u00f3n si el Usuario hace clic en otro sitio web vinculado.\n<ol>\n<li>Estos enlaces de afiliaci\u00f3n no tendr\u00e1n ning\u00fan coste para el usuario.<\/li>\n<li>No habr\u00e1 responsabilidad alguna por el contenido de cualquier p\u00e1gina web de terceros y el Usuario confirma que en todo momento act\u00faa por su cuenta y riesgo.<\/li>\n<\/ol>\n<\/li>\n<\/ol>\n<\/li>\n<li><strong>EXACTITUD DE LOS CONTENIDOS Y MATERIALES<\/strong>\n<ol>\n<li>El Usuario reconoce que el Sitio Web puede contener errores t\u00e9cnicos, tipogr\u00e1ficos o fotogr\u00e1ficos.<\/li>\n<li>No se garantiza que el contenido y el material del Sitio Web sean exactos, completos o actuales.<\/li>\n<\/ol>\n<\/li>\n<li><strong>ENLACES DE TERCEROS EN EL SITIO WEB<\/strong>\n<ol>\n<li>El Usuario reconoce que se le ha informado de que este Sitio Web puede contener enlaces a sitios web de terceros.<\/li>\n<li>Asimismo, se advierte al Usuario que el contenido de estos sitios web no ha sido necesariamente revisado por el\/los propietario\/s de este sitio web, por lo que el\/los propietario\/s de este sitio web no ser\u00e1n responsables del contenido de ning\u00fan sitio web de terceros.<\/li>\n<li>Se recomienda al usuario que lea todos los documentos legales de los sitios web de terceros para asegurarse de que acepta plenamente los t\u00e9rminos a los que estar\u00e1 sujeto cuando acceda y utilice estos sitios web de terceros.<\/li>\n<li>La inclusi\u00f3n de cualquier enlace en el sitio web no implica la aprobaci\u00f3n por parte del propietario o propietarios de este sitio web.<\/li>\n<li>Se advierte a todos los usuarios que el uso de cualquier sitio web de terceros se realiza bajo su propia responsabilidad.<\/li>\n<\/ol>\n<\/li>\n<li><strong>PROPIEDAD INTELECTUAL<\/strong>\n<ol>\n<li>El\/los propietario\/s del Sitio Web conservan todos los derechos, t\u00edtulos e intereses sobre la totalidad de la propiedad intelectual, independientemente de que sea posible patentar, registrar o proteger cualquier marca, derecho de autor o patente basada en ella.<\/li>\n<li>La propiedad intelectual contenida en el Sitio Web no podr\u00e1 ser utilizada por ning\u00fan motivo, salvo con el consentimiento previo y por escrito del propietario o propietarios del Sitio Web.<\/li>\n<li>El presente Acuerdo no confiere al Usuario ning\u00fan derecho o inter\u00e9s sobre la propiedad intelectual m\u00e1s all\u00e1 del derecho limitado a una licencia perpetua, no exclusiva, transferible y revocable para acceder y utilizar el Sitio Web.<\/li>\n<\/ol>\n<\/li>\n<li><strong>LIMITACI\u00d3N DE LA RESPONSABILIDAD<\/strong>\n<ol>\n<li>En la medida en que lo permita la legislaci\u00f3n aplicable, el Usuario exime al propietario o propietarios del Sitio Web de cualquier causa de acci\u00f3n en cualquier jurisdicci\u00f3n que pudiera dar lugar a cualquier tipo de da\u00f1os, y el propietario o propietarios del Sitio Web no ser\u00e1n responsables ante el Usuario de ning\u00fan tipo de da\u00f1os.<\/li>\n<li>El Usuario se compromete a no solicitar ninguna devoluci\u00f3n, compensaci\u00f3n o reembolso al propietario(s) del Sitio Web, sea cual sea el motivo.<\/li>\n<li>En la medida en que lo permita cualquier ley aplicable, el Usuario exime al\/los propietario\/s del Sitio Web de cualquier responsabilidad, obligaci\u00f3n, reclamaci\u00f3n, demanda y\/o da\u00f1os (reales y consecuentes) de cualquier tipo y naturaleza, conocidos y desconocidos (incluyendo, pero sin limitarse a, reclamaciones por negligencia), que surjan de o est\u00e9n relacionados con disputas entre el Usuario y los actos u omisiones de cualquier tercero.<\/li>\n<\/ol>\n<\/li>\n<li><strong>INDEMNIZACI\u00d3N<\/strong>\n<ol>\n<li>En la medida en que lo permita la legislaci\u00f3n aplicable, el Usuario indemnizar\u00e1, defender\u00e1 y eximir\u00e1 de responsabilidad al propietario o propietarios del Sitio Web frente a cualesquiera acciones, procedimientos, reclamaciones, da\u00f1os, demandas y actuaciones (incluidos, sin limitaci\u00f3n, los honorarios y gastos de los abogados), en los que incurra el Usuario y\/o cualquier persona en su nombre:\n<ol>\n<li>Cualquier responsabilidad u obligaci\u00f3n en virtud del Acuerdo;<\/li>\n<li>Cualquier incumplimiento o violaci\u00f3n del Sitio Web o del Acuerdo;<\/li>\n<li>Inexactitud en cualquier representaci\u00f3n o garant\u00eda;<\/li>\n<li>la violaci\u00f3n por parte del Usuario de cualquier derecho de cualquier otra persona o entidad; y\/o<\/li>\n<li>Cualquier acto u omisi\u00f3n que sea negligente, ilegal o que constituya una mala conducta intencionada.<\/li>\n<\/ol>\n<\/li>\n<\/ol>\n<\/li>\n<li><strong>POL\u00cdTICA DE COOKIES<\/strong>\n<ol>\n<li>El Sitio Web utiliza cookies para ayudar a mejorar la experiencia del Usuario.<\/li>\n<li>Se ruega al Usuario que consulte la \u00abPol\u00edtica de Cookies\u00bb del Sitio Web para obtener m\u00e1s informaci\u00f3n sobre el uso de cookies.<\/li>\n<li>El Sitio Web puede proporcionar informaci\u00f3n b\u00e1sica sobre los servicios de terceros que puede utilizar, que tambi\u00e9n pueden utilizar cookies como parte de su servicio, aunque pueden no estar cubiertos por la pol\u00edtica del Sitio Web.<\/li>\n<li>En caso de que el Usuario no acepte las cookies del Sitio Web, deber\u00e1 instruir a su navegador para que rechace las cookies de este Sitio Web en particular, entendiendo que entonces no podr\u00e1 acceder a los contenidos y servicios deseados del sitio.<\/li>\n<\/ol>\n<\/li>\n<li><strong>POL\u00cdTICA DE PRIVACIDAD<\/strong>\n<ol>\n<li>La privacidad de los Usuarios del Sitio Web es muy importante para los propietarios de este Sitio Web.<\/li>\n<li>Se ruega al Usuario que consulte la \u00abPol\u00edtica de Privacidad\u00bb de este Sitio Web para obtener m\u00e1s informaci\u00f3n.<\/li>\n<\/ol>\n<\/li>\n<li><strong>CUMPLIMIENTO DEL REGLAMENTO GENERAL DE PROTECCI\u00d3N DE DATOS<\/strong>\n<ol>\n<li>El\/los titular\/es del Sitio Web se toma\/n muy en serio la protecci\u00f3n de datos y, por tanto, garantiza\/n el cumplimiento \u00edntegro de las disposiciones del marco del Reglamento General de Protecci\u00f3n de Datos aplicable.<\/li>\n<\/ol>\n<\/li>\n<li><strong>VIGILANCIA<\/strong>\n<ol>\n<li>En el caso de que se determine que alguna disposici\u00f3n o parte de este Acuerdo es inv\u00e1lida o inaplicable por cualquier motivo, en su totalidad o en parte, las restantes disposiciones de este Acuerdo no se ver\u00e1n afectadas por ello y seguir\u00e1n siendo plenamente vigentes seg\u00fan lo permita la ley.<\/li>\n<\/ol>\n<\/li>\n<li><strong>GENERALIDADES<\/strong>\n<ol>\n<li>El presente Acuerdo se regir\u00e1 por la legislaci\u00f3n de Hong Kong en todos los aspectos, incluidos los relativos a la validez, la interpretaci\u00f3n y los efectos, sin dar efecto a sus principios o normas de conflicto de leyes, en la medida en que dichos principios o normas no sean de aplicaci\u00f3n obligatoria por ley y permitan o requieran la aplicaci\u00f3n de las leyes de otra jurisdicci\u00f3n.<\/li>\n<li>Nada de lo dispuesto en el presente Acuerdo y ninguna acci\u00f3n emprendida por las Partes constituir\u00e1, o se considerar\u00e1 que constituye, una sociedad, asociaci\u00f3n, empresa conjunta u otra entidad cooperativa entre las Partes.<\/li>\n<li>Nada de lo dispuesto en el Acuerdo y ninguna acci\u00f3n emprendida por las Partes en virtud del mismo constituir\u00e1, o se considerar\u00e1 que constituye, una de las Partes como agente de la otra para cualquier prop\u00f3sito.<\/li>\n<li>El Usuario es enteramente responsable de asegurarse de que est\u00e1 autorizado a acceder al Sitio Web y a cualquier enlace de terceros desde este Sitio Web, en t\u00e9rminos de las regulaciones y leyes aplicables de la jurisdicci\u00f3n en la que reside o desde la que accede al Sitio Web. El\/los propietario\/s del Sitio Web no ser\u00e1n responsables de ninguna acci\u00f3n o da\u00f1o, si un Usuario accede al Sitio Web desde una jurisdicci\u00f3n prohibida.<\/li>\n<li>El(los) propietario(s) de este Sitio Web puede(n) ceder el Acuerdo a cualquier tercero afiliado, en cuyo caso el Acuerdo y los derechos y obligaciones de las Partes en virtud del mismo ser\u00e1n vinculantes y redundar\u00e1n en beneficio de los respectivos sucesores, cesionarios, herederos, albaceas, administradores y representantes legales.<\/li>\n<li>El Acuerdo, incluyendo todos los dem\u00e1s documentos legales y pol\u00edticas del Sitio Web, constituye el acuerdo completo entre las Partes y sustituye todos los acuerdos y entendimientos anteriores o contempor\u00e1neos, tanto escritos como orales, entre las Partes con respecto al objeto del mismo, incluyendo, sin limitaci\u00f3n, cualquier declaraci\u00f3n o presentaci\u00f3n p\u00fablica o de otro tipo realizada en relaci\u00f3n con el Sitio Web y\/o el Acuerdo.<\/li>\n<li>Si un tribunal competente determina que alguna disposici\u00f3n del presente Acuerdo es inv\u00e1lida, inoperante o inaplicable por cualquier motivo, dicha disposici\u00f3n se modificar\u00e1 para hacerla v\u00e1lida y, en la medida de lo posible, llevar a cabo la intenci\u00f3n original de las Partes de la manera m\u00e1s aceptable posible para que las transacciones contempladas en el presente documento se lleven a cabo tal y como se contemplaron originalmente en la mayor medida posible.<\/li>\n<\/ol>\n<\/li>\n<\/ol>\n","protected":false},"excerpt":{"rendered":"<p>T\u00c9RMINOS Y CONDICIONES El presente Acuerdo ser\u00e1 legalmente vinculante para cualquier persona o entidad que acceda o utilice el Sitio Web de [site_url] (en adelante, el \u00abSitio Web\u00bb) y, por tanto, estar\u00e1 obligado a cumplir todos los T\u00e9rminos y Condiciones contenidos en el mismo, as\u00ed como cualquier normativa y ley aplicable a la jurisdicci\u00f3n concreta [&hellip;]<\/p>\n","protected":false},"author":1,"featured_media":0,"parent":0,"menu_order":0,"comment_status":"closed","ping_status":"closed","template":"page-terms.php","meta":{"footnotes":""},"class_list":["post-21","page","type-page","status-publish","hentry"],"_links":{"self":[{"href":"https:\/\/termsandprivacy.chunkymasha.com\/es\/index.php\/wp-json\/wp\/v2\/pages\/21","targetHints":{"allow":["GET"]}}],"collection":[{"href":"https:\/\/termsandprivacy.chunkymasha.com\/es\/index.php\/wp-json\/wp\/v2\/pages"}],"about":[{"href":"https:\/\/termsandprivacy.chunkymasha.com\/es\/index.php\/wp-json\/wp\/v2\/types\/page"}],"author":[{"embeddable":true,"href":"https:\/\/termsandprivacy.chunkymasha.com\/es\/index.php\/wp-json\/wp\/v2\/users\/1"}],"replies":[{"embeddable":true,"href":"https:\/\/termsandprivacy.chunkymasha.com\/es\/index.php\/wp-json\/wp\/v2\/comments?post=21"}],"version-history":[{"count":0,"href":"https:\/\/termsandprivacy.chunkymasha.com\/es\/index.php\/wp-json\/wp\/v2\/pages\/21\/revisions"}],"wp:attachment":[{"href":"https:\/\/termsandprivacy.chunkymasha.com\/es\/index.php\/wp-json\/wp\/v2\/media?parent=21"}],"curies":[{"name":"wp","href":"https:\/\/api.w.org\/{rel}","templated":true}]}}