{"id":20,"date":"2021-02-23T10:29:31","date_gmt":"2021-02-23T10:29:31","guid":{"rendered":"http:\/\/termsandprivacy.chunkymasha.com\/index.php\/terms\/"},"modified":"2021-03-15T14:30:57","modified_gmt":"2021-03-15T14:30:57","slug":"terms","status":"publish","type":"page","link":"https:\/\/termsandprivacy.chunkymasha.com\/de\/index.php\/terms\/","title":{"rendered":"Terms"},"content":{"rendered":"<h2><strong>BEDINGUNGEN UND KONDITIONEN<\/strong><\/h2>\n<p>Diese Vereinbarung ist rechtlich bindend f\u00fcr jede nat\u00fcrliche oder juristische Person, die auf die <strong>[site_url]-Website<\/strong> (im Folgenden als &#8222;Website&#8220; bezeichnet) zugreift oder diese nutzt, und ist daher an alle hierin enthaltenen Gesch\u00e4ftsbedingungen sowie an alle Vorschriften und Gesetze gebunden, die f\u00fcr die jeweilige Gerichtsbarkeit gelten, von der aus der Nutzer auf die Website zugreift. Die Benutzer werden dringend gebeten, diese Allgemeinen Gesch\u00e4ftsbedingungen sorgf\u00e4ltig zu lesen.<\/p>\n<ol>\n<li><strong>AKZEPTANZ DER VEREINBARUNG<\/strong>\n<ol>\n<li>Mit dem Zugriff auf die Website erkl\u00e4rt sich der Nutzer mit den hierin enthaltenen Allgemeinen Gesch\u00e4ftsbedingungen einverstanden und best\u00e4tigt dementsprechend, dass er die Allgemeinen Gesch\u00e4ftsbedingungen gelesen und vollst\u00e4ndig verstanden hat.<\/li>\n<li>Diese Allgemeinen Gesch\u00e4ftsbedingungen sind zusammen mit der Cookie-Richtlinie und der Datenschutzrichtlinie auf der Website zu lesen und stellen die vollst\u00e4ndige Vereinbarung zwischen den Parteien dar.<\/li>\n<li>Sollte der Nutzer mit einer oder allen hierin enthaltenen Gesch\u00e4ftsbedingungen nicht einverstanden sein oder diese nicht vollst\u00e4ndig verstehen, muss der Nutzer den Zugriff auf die Website unverz\u00fcglich unterlassen.<\/li>\n<li>Das auf dieser Website enthaltene Material ist durch das geltende Urheber- und Markenrecht ordnungsgem\u00e4\u00df gesch\u00fctzt.<\/li>\n<\/ol>\n<\/li>\n<li><strong>\u00c4NDERUNGEN DER WEBSITE-BEDINGUNGEN<\/strong>\n<ol>\n<li>Diese Nutzungsbedingungen k\u00f6nnen von Zeit zu Zeit ohne Vorank\u00fcndigung ge\u00e4ndert und aktualisiert werden und treten sofort in Kraft.<\/li>\n<li>Ge\u00e4nderte Bedingungen ersetzen sofort alle vorherigen Versionen auf der Website.<\/li>\n<li>Der Nutzer ist angehalten, die Website regelm\u00e4\u00dfig zu besuchen, um sich zu vergewissern, ob es Aktualisierungen der rechtlichen Dokumente auf der Website gibt.<\/li>\n<li>Die fortgesetzte Nutzung der Website durch den Nutzer stellt eine unmissverst\u00e4ndliche stillschweigende Annahme aller auf der Website aufgef\u00fchrten Bedingungen und Konditionen dar.<\/li>\n<li>Sollte der Nutzer die ge\u00e4nderten Website-Bedingungen nicht akzeptieren, hat er die Nutzung und den Zugriff auf die Website unverz\u00fcglich zu unterlassen.<\/li>\n<\/ol>\n<\/li>\n<li><strong>BENUTZER-LIZENZ<\/strong>\n<ol>\n<li>Es wird die Erlaubnis erteilt, vor\u00fcbergehend eine Kopie der Materialien (Informationen oder Software) von der Website nur f\u00fcr den pers\u00f6nlichen, nicht-kommerziellen Gebrauch herunterzuladen. Dies ist die Gew\u00e4hrung einer Lizenz, nicht eine \u00dcbertragung des Eigentumsrechts, und unter dieser Lizenz darf der Benutzer nicht:\n<ol>\n<li>Die Materialien zu modifizieren oder zu kopieren;<\/li>\n<li>Die Materialien f\u00fcr kommerzielle Zwecke oder f\u00fcr eine \u00f6ffentliche Darstellung (kommerziell oder nicht kommerziell) zu verwenden;<\/li>\n<li>Versuchen, die auf der Website enthaltene Software zu dekompilieren oder zur\u00fcckzuentwickeln;<\/li>\n<li>Urheberrechts- oder andere Eigentumsvermerke aus den Materialien zu entfernen; oder<\/li>\n<li>Die Materialien an andere Personen zu \u00fcbertragen oder die Materialien auf einem anderen Server zu &#8222;spiegeln&#8220;.<\/li>\n<\/ol>\n<\/li>\n<li>Diese Lizenz erlischt automatisch, wenn der Benutzer gegen eine der in Klausel 3.1 aufgef\u00fchrten Einschr\u00e4nkungen verst\u00f6\u00dft, und kann jederzeit beendet werden.<\/li>\n<li>Nach Beendigung der Betrachtung dieser Materialien oder nach Beendigung dieser Lizenz muss der Nutzer alle heruntergeladenen Materialien, die sich in seinem Besitz befinden, egal ob in elektronischer oder gedruckter Form, unverz\u00fcglich vernichten.<\/li>\n<\/ol>\n<\/li>\n<li><strong>BENUTZERKONTO-REGISTRIERUNG<\/strong>\n<ol>\n<li>Beim Zugriff auf die Website hat der Benutzer die M\u00f6glichkeit, ein Benutzerkonto zu erstellen.<\/li>\n<li>Der Benutzer erkennt an, dass er nicht auf unfaire Weise angelockt oder gezwungen wurde, ein Benutzerkonto zu registrieren und dies aus freiem Willen tut.<\/li>\n<li>Der Benutzer kann sich daf\u00fcr entscheiden, dem Registrierungsprozess f\u00fcr ein Benutzerkonto zu folgen, und akzeptiert, dass er zur Vervollst\u00e4ndigung des Registrierungsprozesses und f\u00fcr den Zugriff auf die von ihm ben\u00f6tigten Dienste auf Websites Dritter weitergeleitet wird.<\/li>\n<li>Der Kunde garantiert, dass alle Informationen, die zum Abschluss der Registrierung erforderlich sind, wahrheitsgem\u00e4\u00df und korrekt sind und nicht gegen geltendes Recht versto\u00dfen.<\/li>\n<li>Der\/die Eigent\u00fcmer der Website \u00fcbernehmen keinerlei Verantwortung f\u00fcr den Inhalt von Websites Dritter, noch f\u00fcr die durchgef\u00fchrten Aktionen oder gesammelten Daten, sobald der Benutzer diese Website verlassen hat.<\/li>\n<li>Der Benutzer ist allein daf\u00fcr verantwortlich, sicherzustellen, dass er nicht von einer Gerichtsbarkeit aus auf die Website zugreift oder sich in einer Gerichtsbarkeit befindet, in der der Handel mit Verm\u00f6genswerten, einschlie\u00dflich digitaler Verm\u00f6genswerte, nach den Gesetzen dieser bestimmten Gerichtsbarkeit verboten ist.<\/li>\n<\/ol>\n<\/li>\n<li><strong>GEB\u00dcHREN<\/strong>\n<ol>\n<li>Der\/die Eigent\u00fcmer dieser Website ist\/sind nicht verantwortlich f\u00fcr Zahlungen, die der Benutzer f\u00fcr die Registrierung seines Benutzerkontos bei Drittanbietern leistet, noch f\u00fcr andere nachfolgende Zahlungen, zu denen er auf Websites Dritter aufgefordert wird.<\/li>\n<li>Der Benutzer wird dringend gebeten, die Gesch\u00e4ftsbedingungen und alle anderen verbindlichen Dokumente auf den Websites Dritter zu lesen, zu denen er von dieser Website aus weitergeleitet werden kann.<\/li>\n<li>Der\/die Eigent\u00fcmer dieser Website \u00fcbernehmen keine Verantwortung f\u00fcr die Handlungen von Benutzern oder Drittanbietern, nachdem der Benutzer diese Website verlassen hat.<\/li>\n<\/ol>\n<\/li>\n<li><strong>STEUERN<\/strong>\n<ol>\n<li>Die Klassifizierung und der anwendbare Steuerstatus von digitalen Verm\u00f6genswerten, wie z.B. Kryptow\u00e4hrungen, sind in vielen Gerichtsbarkeiten unsicher.<\/li>\n<li>Der Nutzer erkennt an, versteht und stimmt zu, dass der Handel mit diesen Kategorien von Verm\u00f6genswerten steuerliche Verpflichtungen und\/oder Konsequenzen haben kann, f\u00fcr deren Einhaltung der Nutzer allein verantwortlich ist und die er zu beachten hat.<\/li>\n<li>Der Nutzer muss seine eigene steuerliche Beratung in Verbindung mit dem Kauf und Handel mit digitalen Verm\u00f6genswerten in Anspruch nehmen.<\/li>\n<li>Der\/die Eigent\u00fcmer der Website \u00fcbernimmt\/\u00fcbernehmen keinerlei Haftung oder Verantwortung in Bezug auf die steuerlichen Verpflichtungen und\/oder Folgen f\u00fcr den Nutzer.<\/li>\n<\/ol>\n<\/li>\n<li><strong>RISIKEN<\/strong>\n<ol>\n<li>Der Nutzer ist sich bewusst, dass alle digitalen Verm\u00f6genswerte dezentralisiert sind und daher keine Garantien hinsichtlich der Wertbest\u00e4ndigkeit dieser Arten von Technologien gegeben werden k\u00f6nnen.<\/li>\n<li>Der Nutzer ist sich bewusst, dass der\/die Eigent\u00fcmer der Website keine Kontrolle \u00fcber die zugrundeliegenden dezentralen Technologien haben, die digitale Verm\u00f6genswerte nutzen, und daher in keiner Weise f\u00fcr Gewinne oder Verluste der Nutzer haftbar gemacht werden k\u00f6nnen.<\/li>\n<li>Es kann vorkommen, dass der Nutzer auf Webseiten Dritter weitergeleitet wird. In solchen F\u00e4llen sind der\/die Eigent\u00fcmer der Website in keiner Weise f\u00fcr den Inhalt, die Behauptungen oder das Material auf diesen Webseiten Dritter verantwortlich, noch f\u00fcr die Handlungen des\/der Eigent\u00fcmer(s) dieser Webseiten und Unternehmen Dritter. Dar\u00fcber hinaus kann der\/die Eigent\u00fcmer dieser Website in keiner Weise f\u00fcr die Sicherheits- und Datenschutzmodelle verantwortlich sein, die von diesen Drittseiten verfolgt werden.<\/li>\n<li>Hacker und\/oder andere b\u00f6swillige Organisationen, Gruppen oder Einzelpersonen k\u00f6nnen versuchen, die Website auf verschiedene Weise zu st\u00f6ren, und der Nutzer verpflichtet sich, dass er sich dieses Risikos voll bewusst ist.<\/li>\n<li>Der Nutzer ist sich bewusst, dass der Handel beachtliche Vorteile bringen kann, jedoch auch das Risiko eines teilweisen\/vollst\u00e4ndigen Verlustes von Geldern mit sich bringen kann und von allen Nutzern ber\u00fccksichtigt werden sollte.<\/li>\n<li>Der Nutzer wird darauf hingewiesen, dass der Handel mit digitalen W\u00e4hrungen mit einem hohen Risiko verbunden sein kann und m\u00f6glicherweise nicht f\u00fcr jeden geeignet ist. Der Nutzer wird daher dringend gebeten, vor der Teilnahme am Handel mit digitalen W\u00e4hrungen zun\u00e4chst seine pers\u00f6nlichen Ziele, sein Erfahrungsniveau und seine Risikobereitschaft sorgf\u00e4ltig abzuw\u00e4gen. Der Nutzer muss sich dar\u00fcber im Klaren sein, dass die M\u00f6glichkeit besteht, dass er einen Teil oder sein gesamtes Kapital verlieren kann.<\/li>\n<li>Die auf dieser Website enthaltenen Informationen stellen keine Finanzberatung oder Aufforderung zum Kauf oder Verkauf von digitalen Verm\u00f6genswerten, Vertr\u00e4gen oder Wertpapieren jeglicher Art dar.<\/li>\n<li>Der\/die Eigent\u00fcmer der Website \u00fcbernimmt\/\u00fcbernehmen keinerlei Haftung f\u00fcr Verluste oder Sch\u00e4den, einschlie\u00dflich und ohne Einschr\u00e4nkung f\u00fcr entgangenen Gewinn, die sich direkt oder indirekt aus der Nutzung dieser Informationen oder dem Vertrauen auf diese Informationen ergeben k\u00f6nnen.<\/li>\n<\/ol>\n<\/li>\n<li><strong>HAFTUNGSAUSSCHL\u00dcSSE<\/strong>\n<ol>\n<li>Alle Inhalte und Materialien, die auf der Website angezeigt werden, werden auf einer &#8222;wie vorhanden&#8220; und &#8222;wie verf\u00fcgbar&#8220; Basis bereitgestellt.<\/li>\n<li>Es gibt keine Garantie, dass die ver\u00f6ffentlichten Informationen frei von Fehlern oder Irrt\u00fcmern sind.<\/li>\n<li>Die auf und \u00fcber diese Website ge\u00e4u\u00dferten Ansichten und Meinungen geben nicht unbedingt die Ansichten und Meinungen des\/der Eigent\u00fcmer(s) dieser Website wieder.<\/li>\n<li>Der\/die Eigent\u00fcmer der Website \u00fcbernimmt\/\u00fcbernehmen keine Verantwortung f\u00fcr die \u00dcberpr\u00fcfung, ob Prominente, die in den auf der Website angezeigten Inhalten oder Materialien ausdr\u00fccklich erw\u00e4hnt werden, ihr Einverst\u00e4ndnis oder ihre Zustimmung zu deren Bef\u00fcrwortung gegeben haben.<\/li>\n<li>Die Informationen auf der Website sind nicht als professionelle Beratung jeglicher Art gedacht und werden daher auf eigenes Risiko des Nutzers verwendet.<\/li>\n<li>Der Benutzer wird dar\u00fcber informiert, dass die auf der Website gefundenen Erfahrungsberichte m\u00f6glicherweise nicht repr\u00e4sentativ f\u00fcr alle vergleichbaren Benutzer sind und dass vergangene Leistungen kein Hinweis auf zuk\u00fcnftige Ergebnisse oder Erfolge sind. Die Personen, die in den auf der Website angezeigten Testimonials zitiert werden, wurden nicht daf\u00fcr bezahlt, zitiert zu werden, es sei denn, sie sind ausdr\u00fccklich gekennzeichnet. Die auf dieser Website verwendeten Testimonials sind nicht repr\u00e4sentativ f\u00fcr alle Benutzer; bestimmte Konten k\u00f6nnen eine schlechtere Leistung als die angegebene aufweisen.<\/li>\n<li>Der Benutzer ist sich bewusst, dass individuelle Ergebnisse variieren und es wird keine Zusicherung gemacht, dass Benutzer Gewinne oder Verluste erzielen werden oder wahrscheinlich erzielen werden, die mit den gezeigten vergleichbar sind.<\/li>\n<li>Es wird keine ausdr\u00fcckliche oder stillschweigende Garantie oder Zusicherung hinsichtlich der Genauigkeit, der wahrscheinlichen Ergebnisse oder der Zuverl\u00e4ssigkeit der Nutzung der Materialien auf der Website oder in Bezug auf solche Materialien auf anderen mit dieser Website verlinkten Websites gegeben.<\/li>\n<li>Es besteht ein vollst\u00e4ndiger Haftungsausschluss f\u00fcr alle anderen Garantien, einschlie\u00dflich, aber nicht beschr\u00e4nkt auf stillschweigende Garantien oder Bedingungen der Marktg\u00e4ngigkeit, der Eignung f\u00fcr einen bestimmten Zweck oder der Nichtverletzung von geistigem Eigentum oder anderen Rechtsverletzungen.<\/li>\n<li>Die Website kann Affiliate-Links enthalten, was bedeutet, dass ein Affiliate eine Provision erhalten kann, wenn der Benutzer sich zu einer anderen verlinkten Website durchklickt.\n<ol>\n<li>Diese Affiliate-Links sind f\u00fcr den Benutzer kostenlos.<\/li>\n<li>Es wird keinerlei Haftung f\u00fcr den Inhalt der auf einer fremden Website enthaltenen Inhalte \u00fcbernommen und der Nutzer best\u00e4tigt, dass er zu jeder Zeit auf eigenes Risiko handelt.<\/li>\n<\/ol>\n<\/li>\n<\/ol>\n<\/li>\n<li><strong>GENAUIGKEIT DER INHALTE UND MATERIALIEN<\/strong>\n<ol>\n<li>Der Nutzer erkennt an, dass die Website technische, typografische oder fotografische Fehler enthalten kann.<\/li>\n<li>Es wird keine Gew\u00e4hr f\u00fcr die Richtigkeit, Vollst\u00e4ndigkeit und Aktualit\u00e4t der Inhalte und Materialien auf der Website \u00fcbernommen.<\/li>\n<\/ol>\n<\/li>\n<li><strong>LINKS ZU DRITTEN AUF DER WEBSITE<\/strong>\n<ol>\n<li>Der Benutzer nimmt zur Kenntnis, dass er darauf aufmerksam gemacht wurde, dass diese Website Links zu Websites Dritter enthalten kann.<\/li>\n<li>Der Nutzer wird ferner darauf hingewiesen, dass der Inhalt dieser Websites nicht notwendigerweise von dem\/den Eigent\u00fcmer(n) dieser Website \u00fcberpr\u00fcft wurde, und dass der\/die Eigent\u00fcmer dieser Website daher keinerlei Verantwortung f\u00fcr den Inhalt von Websites Dritter \u00fcbernehmen.<\/li>\n<li>Der Benutzer wird dringend gebeten, alle rechtlichen Dokumente auf den Websites Dritter zu lesen, um sicherzustellen, dass er die Bedingungen, an die er beim Zugriff auf und bei der Nutzung dieser Websites Dritter gebunden ist, vollst\u00e4ndig akzeptiert.<\/li>\n<li>Die Aufnahme eines Links auf der Website bedeutet keine Billigung durch den\/die Eigent\u00fcmer dieser Website.<\/li>\n<li>Alle Benutzer werden gewarnt, dass die Nutzung von Websites Dritter auf eigenes Risiko erfolgt.<\/li>\n<\/ol>\n<\/li>\n<li><strong>GEISTIGES EIGENTUM<\/strong>\n<ol>\n<li>Der\/die Eigent\u00fcmer der Website beh\u00e4lt\/behalten alle Rechte, Titel und Interessen an dem gesamten geistigen Eigentum, unabh\u00e4ngig davon, ob es m\u00f6glich ist, darauf basierende Marken, Urheberrechte oder Patente zu patentieren oder zu sch\u00fctzen oder nicht.<\/li>\n<li>Das auf der Website enthaltene geistige Eigentum darf nur mit ausdr\u00fccklicher vorheriger schriftlicher Zustimmung des\/der Eigent\u00fcmer(s) der Website verwendet werden.<\/li>\n<li>Diese Vereinbarung \u00fcbertr\u00e4gt dem Nutzer kein Recht oder Interesse an geistigem Eigentum, das \u00fcber das beschr\u00e4nkte Recht auf eine unbefristete, nicht-exklusive, \u00fcbertragbare, widerrufliche Lizenz f\u00fcr den Zugriff auf und die Nutzung der Website hinausgeht.<\/li>\n<\/ol>\n<\/li>\n<li><strong>HAFTUNGSBESCHR\u00c4NKUNG<\/strong>\n<ol>\n<li>Der Nutzer h\u00e4lt den\/die Eigent\u00fcmer der Website im gr\u00f6\u00dftm\u00f6glichen Umfang, den das geltende Recht zul\u00e4sst, schadlos gegen\u00fcber jeglichem Klagegrund in jeglicher Gerichtsbarkeit, der zu Sch\u00e4den jeglicher Art f\u00fchren w\u00fcrde, und der\/die Eigent\u00fcmer der Website haften dem Nutzer gegen\u00fcber nicht f\u00fcr Sch\u00e4den jeglicher Art.<\/li>\n<li>Der Nutzer erkl\u00e4rt sich damit einverstanden, keine Erstattung, Entsch\u00e4digung oder R\u00fcckerstattung von dem\/den Eigent\u00fcmer(n) der Website zu verlangen, unabh\u00e4ngig von dem Grund, der daf\u00fcr verantwortlich ist.<\/li>\n<li>Der Nutzer entbindet den\/die Eigent\u00fcmer der Website im gr\u00f6\u00dftm\u00f6glichen Umfang, den das geltende Recht zul\u00e4sst, von jeglicher Verantwortung, Haftung, Anspr\u00fcchen, Forderungen und\/oder Sch\u00e4den (tats\u00e4chliche und Folgesch\u00e4den) jeglicher Art und Natur, bekannt und unbekannt (einschlie\u00dflich, aber nicht beschr\u00e4nkt auf Anspr\u00fcche wegen Fahrl\u00e4ssigkeit), die aus Streitigkeiten zwischen dem Nutzer und den Handlungen oder Unterlassungen Dritter entstehen oder damit zusammenh\u00e4ngen.<\/li>\n<\/ol>\n<\/li>\n<li><strong>ENTSCH\u00c4DIGUNG<\/strong>\n<ol>\n<li>Im gr\u00f6\u00dftm\u00f6glichen Umfang, den das geltende Recht zul\u00e4sst, wird der Nutzer den\/die Eigent\u00fcmer der Website von allen Klagen, Verfahren, Anspr\u00fcchen, Sch\u00e4den, Forderungen und Handlungen (einschlie\u00dflich, aber nicht beschr\u00e4nkt auf Geb\u00fchren und Auslagen f\u00fcr Rechtsbeistand), die dem Nutzer und\/oder einer Person in seinem Namen entstehen, entsch\u00e4digen, verteidigen und schadlos halten:\n<ol>\n<li>Jegliche Verantwortlichkeiten oder Verpflichtungen im Rahmen der Vereinbarung;<\/li>\n<li>Jegliche Verletzung oder Versto\u00df gegen die Website oder die Vereinbarung;<\/li>\n<li>Ungenauigkeit in einer Darstellung oder Garantie;<\/li>\n<li>verletzung von Rechten einer anderen nat\u00fcrlichen oder juristischen Person durch den Nutzer; und\/oder<\/li>\n<li>Jede Handlung oder Unterlassung, die fahrl\u00e4ssig oder ungesetzlich ist oder ein vors\u00e4tzliches Fehlverhalten darstellt.<\/li>\n<\/ol>\n<\/li>\n<\/ol>\n<\/li>\n<li><strong>COOKIES-POLITIK<\/strong>\n<ol>\n<li>Die Website verwendet Cookies, um die Benutzerfreundlichkeit zu verbessern.<\/li>\n<li>Der Benutzer wird gebeten, die &#8222;Cookie-Richtlinie&#8220; auf der Website zu lesen, um weitere Informationen \u00fcber die Verwendung von Cookies zu erhalten.<\/li>\n<li>Die Website kann grundlegende Informationen \u00fcber Dienste von Drittanbietern zur Verf\u00fcgung stellen, die ebenfalls Cookies als Teil ihres Dienstes verwenden k\u00f6nnen, obwohl sie m\u00f6glicherweise nicht von der Richtlinie der Website abgedeckt werden.<\/li>\n<li>Sollte der Nutzer keine Cookies von der Website akzeptieren, sollte er seinen Browser anweisen, Cookies von dieser speziellen Website abzulehnen, mit dem Verst\u00e4ndnis, dass er dann m\u00f6glicherweise nicht in der Lage ist, auf die gew\u00fcnschten Inhalte und Dienste der Website zuzugreifen.<\/li>\n<\/ol>\n<\/li>\n<li><strong>PRIVACY-POLITIK<\/strong>\n<ol>\n<li>Die Privatsph\u00e4re der Website-Benutzer ist den Eigent\u00fcmern dieser Website sehr wichtig.<\/li>\n<li>Der Benutzer wird gebeten, die &#8222;Datenschutzrichtlinie&#8220; auf dieser Website f\u00fcr weitere Informationen zu lesen.<\/li>\n<\/ol>\n<\/li>\n<li><strong>EINHALTUNG DER ALLGEMEINEN DATENSCHUTZVERORDNUNG<\/strong>\n<ol>\n<li>Der\/die Eigent\u00fcmer der Website nimmt\/nehmen den Datenschutz sehr ernst und garantieren daher, die Bestimmungen der allgemeinen Datenschutzverordnung in vollem Umfang einzuhalten.<\/li>\n<\/ol>\n<\/li>\n<li><strong>WIDERRUFSF\u00c4HIGKEIT<\/strong>\n<ol>\n<li>F\u00fcr den Fall, dass eine Bestimmung oder ein Teil dieser Vereinbarung aus irgendeinem Grund ganz oder teilweise f\u00fcr ung\u00fcltig oder nicht durchsetzbar befunden wird, bleiben die \u00fcbrigen Bestimmungen dieser Vereinbarung davon unber\u00fchrt und bleiben im Rahmen des gesetzlich Zul\u00e4ssigen in vollem Umfang g\u00fcltig und wirksam.<\/li>\n<\/ol>\n<\/li>\n<li><strong>ALLGEMEINES<\/strong>\n<ol>\n<li>Diese Vereinbarung unterliegt in jeder Hinsicht den Gesetzen von Hongkong, einschlie\u00dflich der G\u00fcltigkeit, Auslegung und Wirkung, ohne dass die Grunds\u00e4tze oder Regeln des Kollisionsrechts zur Anwendung kommen, soweit diese Grunds\u00e4tze oder Regeln nicht zwingend durch das Gesetz anwendbar sind und die Anwendung der Gesetze einer anderen Gerichtsbarkeit erlauben oder erfordern w\u00fcrden.<\/li>\n<li>Nichts in dieser Vereinbarung und keine von den Parteien ergriffenen Ma\u00dfnahmen begr\u00fcnden eine Partnerschaft, einen Verein, ein Joint Venture oder eine andere kooperative Einheit zwischen den Parteien oder k\u00f6nnen als solche angesehen werden.<\/li>\n<li>Nichts in dieser Vereinbarung und keine Handlung, die von den Parteien gem\u00e4\u00df dieser Vereinbarung vorgenommen wird, stellt eine der Parteien als Vertreter der anderen Partei f\u00fcr irgendeinen Zweck dar oder kann als solcher angesehen werden.<\/li>\n<li>Der Nutzer ist in vollem Umfang daf\u00fcr verantwortlich, sicherzustellen, dass er\/sie berechtigt ist, auf die Website und alle Links zu Dritten von dieser Website aus zuzugreifen, und zwar im Sinne der geltenden Vorschriften und Gesetze der Gerichtsbarkeit, in der er\/sie ans\u00e4ssig ist oder von der aus er\/sie auf die Website zugreift. Der\/die Eigent\u00fcmer der Website haftet\/haften nicht f\u00fcr Handlungen oder Sch\u00e4den jeglicher Art, wenn ein Benutzer von einer verbotenen Gerichtsbarkeit auf die Website zugreift.<\/li>\n<li>Der\/die Eigent\u00fcmer dieser Website kann\/k\u00f6nnen den Vertrag an ein drittes verbundenes Unternehmen abtreten; in diesem Fall sind der Vertrag und die Rechte und Pflichten der Parteien hieraus f\u00fcr die jeweiligen Nachfolger, Abtretungsempf\u00e4nger, Erben, Testamentsvollstrecker, Verwalter und gesetzlichen Vertreter bindend und kommen diesen zugute.<\/li>\n<li>Die Vereinbarung, einschlie\u00dflich aller anderen rechtlichen Dokumente und Richtlinien auf der Website, stellt die gesamte Vereinbarung zwischen den Parteien dar und ersetzt alle fr\u00fcheren oder gleichzeitigen Vereinbarungen und Absprachen, sowohl schriftlich als auch m\u00fcndlich, zwischen den Parteien in Bezug auf den Vertragsgegenstand, einschlie\u00dflich, ohne Einschr\u00e4nkung, aller \u00f6ffentlichen oder sonstigen Erkl\u00e4rungen oder Pr\u00e4sentationen, die in Bezug auf die Website und\/oder die Vereinbarung gemacht wurden.<\/li>\n<li>Sollte eine Bestimmung dieses Vertrages von einem zust\u00e4ndigen Gericht aus irgendeinem Grund als ung\u00fcltig, unwirksam oder nicht durchsetzbar befunden werden, so ist die Bestimmung so zu \u00e4ndern, dass sie g\u00fcltig wird und, soweit m\u00f6glich, die urspr\u00fcngliche Absicht der Parteien in akzeptabler Weise so weit wie m\u00f6glich verwirklicht wird, so dass die hierin vorgesehenen Transaktionen im gr\u00f6\u00dftm\u00f6glichen Umfang wie urspr\u00fcnglich vorgesehen durchgef\u00fchrt werden k\u00f6nnen.<\/li>\n<\/ol>\n<\/li>\n<\/ol>\n","protected":false},"excerpt":{"rendered":"<p>BEDINGUNGEN UND KONDITIONEN Diese Vereinbarung ist rechtlich bindend f\u00fcr jede nat\u00fcrliche oder juristische Person, die auf die [site_url]-Website (im Folgenden als &#8222;Website&#8220; bezeichnet) zugreift oder diese nutzt, und ist daher an alle hierin enthaltenen Gesch\u00e4ftsbedingungen sowie an alle Vorschriften und Gesetze gebunden, die f\u00fcr die jeweilige Gerichtsbarkeit gelten, von der aus der Nutzer auf die [&hellip;]<\/p>\n","protected":false},"author":1,"featured_media":0,"parent":0,"menu_order":0,"comment_status":"closed","ping_status":"closed","template":"page-terms.php","meta":{"footnotes":""},"class_list":["post-20","page","type-page","status-publish","hentry"],"_links":{"self":[{"href":"https:\/\/termsandprivacy.chunkymasha.com\/de\/index.php\/wp-json\/wp\/v2\/pages\/20","targetHints":{"allow":["GET"]}}],"collection":[{"href":"https:\/\/termsandprivacy.chunkymasha.com\/de\/index.php\/wp-json\/wp\/v2\/pages"}],"about":[{"href":"https:\/\/termsandprivacy.chunkymasha.com\/de\/index.php\/wp-json\/wp\/v2\/types\/page"}],"author":[{"embeddable":true,"href":"https:\/\/termsandprivacy.chunkymasha.com\/de\/index.php\/wp-json\/wp\/v2\/users\/1"}],"replies":[{"embeddable":true,"href":"https:\/\/termsandprivacy.chunkymasha.com\/de\/index.php\/wp-json\/wp\/v2\/comments?post=20"}],"version-history":[{"count":0,"href":"https:\/\/termsandprivacy.chunkymasha.com\/de\/index.php\/wp-json\/wp\/v2\/pages\/20\/revisions"}],"wp:attachment":[{"href":"https:\/\/termsandprivacy.chunkymasha.com\/de\/index.php\/wp-json\/wp\/v2\/media?parent=20"}],"curies":[{"name":"wp","href":"https:\/\/api.w.org\/{rel}","templated":true}]}}